{"id":624,"date":"2025-06-24T18:03:20","date_gmt":"2025-06-24T18:03:20","guid":{"rendered":"https:\/\/samuelschindler.ch\/?page_id=624"},"modified":"2025-08-22T08:49:20","modified_gmt":"2025-08-22T08:49:20","slug":"imprint","status":"publish","type":"page","link":"https:\/\/samuelschindler.ch\/de_ch\/imprint\/","title":{"rendered":"imprint"},"content":{"rendered":"<div data-elementor-type=\"wp-post\" data-elementor-id=\"624\" class=\"elementor elementor-624\">\n\t\t\t\t<div class=\"elementor-element elementor-element-Urf7YB0N e-con-full   e-flex e-con e-parent\" data-id=\"Urf7YB0N\" data-element_type=\"container\" data-e-type=\"container\" data-settings=\"{&quot;background_background&quot;:&quot;classic&quot;}\">\n\t\t\t\t<div class=\"elementor-element elementor-element-5IABRdjk elementor-widget__width-inherit elementor-widget-mobile__width-inherit   elementor-widget elementor-widget-heading\" data-id=\"5IABRdjk\" data-element_type=\"widget\" data-e-type=\"widget\" data-widget_type=\"heading.default\">\n\t\t\t\t<div class=\"elementor-widget-container\">\n\t\t\t\t\t<span class=\"elementor-heading-title elementor-size-default\">Impressum<\/span>\t\t\t\t<\/div>\n\t\t\t\t<\/div>\n\t\t\t\t<div class=\"elementor-element elementor-element-7mwdxrSI elementor-widget__width-inherit elementor-widget-mobile__width-inherit   elementor-widget elementor-widget-text-editor\" data-id=\"7mwdxrSI\" data-element_type=\"widget\" data-e-type=\"widget\" data-widget_type=\"text-editor.default\">\n\t\t\t\t<div class=\"elementor-widget-container\">\n\t\t\t\t\t\t\t\t\t<p>Samuel Schindler \u2013 Visuelle Kommunikation &amp; Filmproduktion<br \/>Lachenweg 9<br \/>7000 Chur<br \/>Schweiz<\/p>\t\t\t\t\t\t\t\t<\/div>\n\t\t\t\t<\/div>\n\t\t\t\t<div class=\"elementor-element elementor-element-oO20jVhM elementor-widget__width-inherit elementor-widget-mobile__width-inherit   elementor-widget elementor-widget-text-editor\" data-id=\"oO20jVhM\" data-element_type=\"widget\" data-e-type=\"widget\" data-widget_type=\"text-editor.default\">\n\t\t\t\t<div class=\"elementor-widget-container\">\n\t\t\t\t\t\t\t\t\t<p>Kontakt<\/p>\t\t\t\t\t\t\t\t<\/div>\n\t\t\t\t<\/div>\n\t\t\t\t<div class=\"elementor-element elementor-element-024beb1 elementor-widget__width-inherit elementor-widget-mobile__width-inherit   elementor-widget elementor-widget-text-editor\" data-id=\"024beb1\" data-element_type=\"widget\" data-e-type=\"widget\" data-widget_type=\"text-editor.default\">\n\t\t\t\t<div class=\"elementor-widget-container\">\n\t\t\t\t\t\t\t\t\t<p>Telefon: +41 78 956 15 07<br \/>E-Mail: info@samuelschindler.ch<\/p>\t\t\t\t\t\t\t\t<\/div>\n\t\t\t\t<\/div>\n\t\t\t\t<div class=\"elementor-element elementor-element-65a9897 elementor-widget__width-inherit elementor-widget-mobile__width-inherit   elementor-widget elementor-widget-text-editor\" data-id=\"65a9897\" data-element_type=\"widget\" data-e-type=\"widget\" data-widget_type=\"text-editor.default\">\n\t\t\t\t<div class=\"elementor-widget-container\">\n\t\t\t\t\t\t\t\t\t<p>Zweck der Einzelfirma<\/p>\t\t\t\t\t\t\t\t<\/div>\n\t\t\t\t<\/div>\n\t\t\t\t<div class=\"elementor-element elementor-element-65c9a34 elementor-widget__width-inherit elementor-widget-mobile__width-inherit   elementor-widget elementor-widget-text-editor\" data-id=\"65c9a34\" data-element_type=\"widget\" data-e-type=\"widget\" data-widget_type=\"text-editor.default\">\n\t\t\t\t<div class=\"elementor-widget-container\">\n\t\t\t\t\t\t\t\t\t<div>Die Einzelfirma Samuel Schindler ist spezialisiert auf die Konzeption, Produktion und strategische Verbreitung hochwertiger visueller Inhalte. Im Zentrum stehen dokumentarisches Storytelling, Markenportr\u00e4ts, Unternehmensfilme sowie die kreative Begleitung von Organisationen und Menschen mit inspirierenden Geschichten.<\/div><div>\u00a0<\/div><div>Mit einem Bachelor of Science in Media Engineering und \u00fcber sechs Jahren Berufserfahrung als Multimedia-Produzent verbindet Samuel Schindler technisches Know-how mit journalistischer Neugier und k\u00fcnstlerischem Gesp\u00fcr. Neben Auftragsproduktionen f\u00fcr Unternehmen, NGOs und Bildungsinstitutionen realisiert er eigene visuelle Formate, die gesellschaftliche, soziale und kulturelle Themen weltweit sichtbar machen.<\/div><div>\u00a0<\/div><div>Die Leistungen umfassen unter anderem:<\/div><div>\u2022Film- und Fotoproduktion (Imagefilm, Reportage, Social Media Content)<\/div><div>\u2022Strategische Kommunikationsberatung &amp; Content-Planung<\/div><div>\u2022Kampagneninhalte f\u00fcr NGOs, Startups &amp; nachhaltige Projekte<\/div><div>\u2022Crowdfunding-Content &amp; Spendenkampagnen<\/div><div>\u2022Event- &amp; Kursdokumentationen<\/div><div>\u2022Entwicklung von Medienformaten mit gesellschaftlichem Mehrwert<\/div><div>\u00a0<\/div><div>Diese Plattform dient als professionelles Portfolio und als Ausdruck einer breiteren Vision: Medien als Br\u00fccke zu nutzen \u2013 f\u00fcr Dialog, Empathie und Wirkung.<\/div>\t\t\t\t\t\t\t\t<\/div>\n\t\t\t\t<\/div>\n\t\t\t\t<\/div>\n\t\t\t\t<\/div>","protected":false},"excerpt":{"rendered":"<p>Impressum Samuel Schindler \u2013 Visuelle Kommunikation &amp; FilmproduktionLachenweg 97000 ChurSchweiz Kontakt Telefon: +41 78 956 15 07E-Mail: info@samuelschindler.ch Zweck der Einzelfirma Die Einzelfirma Samuel Schindler ist spezialisiert auf die Konzeption, Produktion und strategische Verbreitung hochwertiger visueller Inhalte. Im Zentrum stehen dokumentarisches Storytelling, Markenportr\u00e4ts, Unternehmensfilme sowie die kreative Begleitung von Organisationen und Menschen mit inspirierenden Geschichten.\u00a0Mit [&hellip;]<\/p>","protected":false},"author":0,"featured_media":0,"parent":0,"menu_order":0,"comment_status":"closed","ping_status":"draft","template":"elementor_header_footer","meta":{"inline_featured_image":false,"two_page_speed":[],"footnotes":""},"class_list":["post-624","page","type-page","status-publish","hentry"],"yoast_head":"<!-- This site is optimized with the Yoast SEO plugin v26.0 - https:\/\/yoast.com\/wordpress\/plugins\/seo\/ -->\n<title>imprint - Samuel Schindler<\/title>\n<meta name=\"robots\" content=\"index, follow, max-snippet:-1, max-image-preview:large, max-video-preview:-1\" \/>\n<link rel=\"canonical\" href=\"https:\/\/samuelschindler.ch\/de_ch\/imprint\/\" \/>\n<meta property=\"og:locale\" content=\"de_DE\" \/>\n<meta property=\"og:type\" content=\"article\" \/>\n<meta property=\"og:title\" content=\"imprint - Samuel Schindler\" \/>\n<meta property=\"og:description\" content=\"Impressum Samuel Schindler \u2013 Visuelle Kommunikation &amp; FilmproduktionLachenweg 97000 ChurSchweiz Kontakt Telefon: +41 78 956 15 07E-Mail: info@samuelschindler.ch Zweck der Einzelfirma Die Einzelfirma Samuel Schindler ist spezialisiert auf die Konzeption, Produktion und strategische Verbreitung hochwertiger visueller Inhalte. Im Zentrum stehen dokumentarisches Storytelling, Markenportr\u00e4ts, Unternehmensfilme sowie die kreative Begleitung von Organisationen und Menschen mit inspirierenden Geschichten.\u00a0Mit [&hellip;]\" \/>\n<meta property=\"og:url\" content=\"https:\/\/samuelschindler.ch\/de_ch\/imprint\/\" \/>\n<meta property=\"og:site_name\" content=\"Samuel Schindler\" \/>\n<meta property=\"article:modified_time\" content=\"2025-08-22T08:49:20+00:00\" \/>\n<meta name=\"twitter:card\" content=\"summary_large_image\" \/>\n<meta name=\"twitter:label1\" content=\"Gesch\u00e4tzte Lesezeit\" \/>\n\t<meta name=\"twitter:data1\" content=\"1\u00a0Minute\" \/>\n<script type=\"application\/ld+json\" class=\"yoast-schema-graph\">{\"@context\":\"https:\/\/schema.org\",\"@graph\":[{\"@type\":\"WebPage\",\"@id\":\"https:\/\/samuelschindler.ch\/de_ch\/imprint\/\",\"url\":\"https:\/\/samuelschindler.ch\/de_ch\/imprint\/\",\"name\":\"imprint - Samuel Schindler\",\"isPartOf\":{\"@id\":\"https:\/\/samuelschindler.ch\/#website\"},\"datePublished\":\"2025-06-24T18:03:20+00:00\",\"dateModified\":\"2025-08-22T08:49:20+00:00\",\"breadcrumb\":{\"@id\":\"https:\/\/samuelschindler.ch\/de_ch\/imprint\/#breadcrumb\"},\"inLanguage\":\"de-CH\",\"potentialAction\":[{\"@type\":\"ReadAction\",\"target\":[\"https:\/\/samuelschindler.ch\/de_ch\/imprint\/\"]}]},{\"@type\":\"BreadcrumbList\",\"@id\":\"https:\/\/samuelschindler.ch\/de_ch\/imprint\/#breadcrumb\",\"itemListElement\":[{\"@type\":\"ListItem\",\"position\":1,\"name\":\"Home\",\"item\":\"https:\/\/samuelschindler.ch\/\"},{\"@type\":\"ListItem\",\"position\":2,\"name\":\"imprint\"}]},{\"@type\":\"WebSite\",\"@id\":\"https:\/\/samuelschindler.ch\/#website\",\"url\":\"https:\/\/samuelschindler.ch\/\",\"name\":\"Samuel Schindler\",\"description\":\"\",\"potentialAction\":[{\"@type\":\"SearchAction\",\"target\":{\"@type\":\"EntryPoint\",\"urlTemplate\":\"https:\/\/samuelschindler.ch\/?s={search_term_string}\"},\"query-input\":{\"@type\":\"PropertyValueSpecification\",\"valueRequired\":true,\"valueName\":\"search_term_string\"}}],\"inLanguage\":\"de-CH\"}]}<\/script>\n<!-- \/ Yoast SEO plugin. -->","yoast_head_json":{"title":"imprint - Samuel Schindler","robots":{"index":"index","follow":"follow","max-snippet":"max-snippet:-1","max-image-preview":"max-image-preview:large","max-video-preview":"max-video-preview:-1"},"canonical":"https:\/\/samuelschindler.ch\/de_ch\/imprint\/","og_locale":"de_DE","og_type":"article","og_title":"imprint - Samuel Schindler","og_description":"Impressum Samuel Schindler \u2013 Visuelle Kommunikation &amp; FilmproduktionLachenweg 97000 ChurSchweiz Kontakt Telefon: +41 78 956 15 07E-Mail: info@samuelschindler.ch Zweck der Einzelfirma Die Einzelfirma Samuel Schindler ist spezialisiert auf die Konzeption, Produktion und strategische Verbreitung hochwertiger visueller Inhalte. Im Zentrum stehen dokumentarisches Storytelling, Markenportr\u00e4ts, Unternehmensfilme sowie die kreative Begleitung von Organisationen und Menschen mit inspirierenden Geschichten.\u00a0Mit [&hellip;]","og_url":"https:\/\/samuelschindler.ch\/de_ch\/imprint\/","og_site_name":"Samuel Schindler","article_modified_time":"2025-08-22T08:49:20+00:00","twitter_card":"summary_large_image","twitter_misc":{"Gesch\u00e4tzte Lesezeit":"1\u00a0Minute"},"schema":{"@context":"https:\/\/schema.org","@graph":[{"@type":"WebPage","@id":"https:\/\/samuelschindler.ch\/de_ch\/imprint\/","url":"https:\/\/samuelschindler.ch\/de_ch\/imprint\/","name":"imprint - Samuel Schindler","isPartOf":{"@id":"https:\/\/samuelschindler.ch\/#website"},"datePublished":"2025-06-24T18:03:20+00:00","dateModified":"2025-08-22T08:49:20+00:00","breadcrumb":{"@id":"https:\/\/samuelschindler.ch\/de_ch\/imprint\/#breadcrumb"},"inLanguage":"de-CH","potentialAction":[{"@type":"ReadAction","target":["https:\/\/samuelschindler.ch\/de_ch\/imprint\/"]}]},{"@type":"BreadcrumbList","@id":"https:\/\/samuelschindler.ch\/de_ch\/imprint\/#breadcrumb","itemListElement":[{"@type":"ListItem","position":1,"name":"Home","item":"https:\/\/samuelschindler.ch\/"},{"@type":"ListItem","position":2,"name":"imprint"}]},{"@type":"WebSite","@id":"https:\/\/samuelschindler.ch\/#website","url":"https:\/\/samuelschindler.ch\/","name":"Samuel Schindler","description":"","potentialAction":[{"@type":"SearchAction","target":{"@type":"EntryPoint","urlTemplate":"https:\/\/samuelschindler.ch\/?s={search_term_string}"},"query-input":{"@type":"PropertyValueSpecification","valueRequired":true,"valueName":"search_term_string"}}],"inLanguage":"de-CH"}]}},"_links":{"self":[{"href":"https:\/\/samuelschindler.ch\/de_ch\/wp-json\/wp\/v2\/pages\/624","targetHints":{"allow":["GET"]}}],"collection":[{"href":"https:\/\/samuelschindler.ch\/de_ch\/wp-json\/wp\/v2\/pages"}],"about":[{"href":"https:\/\/samuelschindler.ch\/de_ch\/wp-json\/wp\/v2\/types\/page"}],"replies":[{"embeddable":true,"href":"https:\/\/samuelschindler.ch\/de_ch\/wp-json\/wp\/v2\/comments?post=624"}],"version-history":[{"count":0,"href":"https:\/\/samuelschindler.ch\/de_ch\/wp-json\/wp\/v2\/pages\/624\/revisions"}],"wp:attachment":[{"href":"https:\/\/samuelschindler.ch\/de_ch\/wp-json\/wp\/v2\/media?parent=624"}],"curies":[{"name":"wp","href":"https:\/\/api.w.org\/{rel}","templated":true}]}}